{"id":104,"date":"2018-08-27T09:15:59","date_gmt":"2018-08-27T07:15:59","guid":{"rendered":"https:\/\/gla.mbm-msp.de\/?page_id=104"},"modified":"2019-01-04T16:14:56","modified_gmt":"2019-01-04T15:14:56","slug":"datenschutzerklaerung","status":"publish","type":"page","link":"https:\/\/gla.mbm-msp.de\/?page_id=104","title":{"rendered":"Datenschutzerkl\u00e4rung"},"content":{"rendered":"<p><strong><span style=\"color: #000080;\"><em>Datenschutzerkl\u00e4rung<\/em><\/span><\/strong><\/p>\n<p><strong><em>Die GLA Gefahrgutberatung GmbH freut sich sehr \u00fcber Ihren Besuch auf der Webseite und Ihr Interesse an den Produkten und Dienstleistungen. Datenschutz und Datensicherheit f\u00fcr unsere Kunden und Nutzer haben im Konzern seit jeher eine hohe Bedeutung. Der Schutz Ihrer personenbezogenen Daten ist daher sehr wichtig und f\u00fcr uns ein besonderes Anliegen.<\/em><\/strong><\/p>\n<p><span style=\"color: #ff0000;\"><strong>Datenschutzerkl\u00e4rung<\/strong><\/span><\/p>\n<p>&nbsp;<\/p>\n<p><strong>Allgemeine Hinweise und Pflichtinformationen<\/strong><\/p>\n<p>Die Datenschutzerkl\u00e4rung gibt Ihnen einen \u00dcberblick dar\u00fcber, welche Daten die GLA Gefahrgutberatung GmbH erfasst und was mit Ihren personenbezogene Daten passiert, wenn Sie deren Webseite besuchen. Wir behandeln Ihre personenbezogenen Daten vertraulich und entsprechend der gesetzlichen Datenschutzvorschriften sowie nach dieser Datenschutzerkl\u00e4rung. Beim Besuch unserer Website kann Ihr Surf-Verhalten statistisch ausgewertet werden. Das geschieht vor allem mit Cookies und mit Analyse-Tools und Tools von Drittanbietern, die allerdings bei der GLA GmbH nicht zur Anwendung kommen. Detaillierte Informationen dazu finden Sie in den folgenden Hinweisen unserer Datenschutzerkl\u00e4rung.<\/p>\n<ol>\n<li><strong>Information \u00fcber die Erhebung personenbezogener Daten<\/strong><\/li>\n<\/ol>\n<p>Im Folgenden informieren wir \u00fcber die Erhebung und weitere Verarbeitung personenbezogener Daten bei Nutzung unserer Website. Personenbezogene Daten sind alle Daten, die auf Sie pers\u00f6nlich beziehbar sind oder mit denen Sie pers\u00f6nlich identifiziert werden k\u00f6nnen, z. B. Name, Adresse, E-Mail-Adressen.<\/p>\n<p>Der Verantwortliche gem. Art. 4 Abs. 7 EU-Datenschutz-Grundverordnung (DS-GVO) ist<\/p>\n<p style=\"padding-left: 30px;\"><strong>GLA Gefahrgutberatung GmbH\u00a0 \u00a0 \u00a0 \u00a0 \u00a0 \u00a0 \u00a0 \u00a0 \u00a0 \u00a0 \u00a0 \u00a0 \u00a0 \u00a0 \u00a0 \u00a0 \u00a0 \u00a0 \u00a0 \u00a0 \u00a0 \u00a0 \u00a0 \u00a0 \u00a0 \u00a0 \u00a0 \u00a0 \u00a0 \u00a0 \u00a0 \u00a0 A<\/strong><strong>ngelika Bohl\u00a0 \u00a0 \u00a0 \u00a0 \u00a0 \u00a0 \u00a0 \u00a0 \u00a0 \u00a0 \u00a0 \u00a0 \u00a0 \u00a0 \u00a0 \u00a0 \u00a0 \u00a0 \u00a0 \u00a0 \u00a0 \u00a0 \u00a0 \u00a0 \u00a0 \u00a0 \u00a0 \u00a0 \u00a0 \u00a0 \u00a0 \u00a0 \u00a0 \u00a0 \u00a0 \u00a0 \u00a0 \u00a0 \u00a0 \u00a0 \u00a0 \u00a0 <\/strong>Berghausener Str. 187\u00a0 \u00a0 \u00a0 \u00a0 \u00a0 \u00a0 \u00a0 \u00a0 \u00a0 \u00a0 \u00a0 \u00a0 \u00a0 \u00a0 \u00a0 \u00a0 \u00a0 \u00a0 \u00a0 \u00a0 \u00a0 \u00a0 \u00a0 \u00a0 \u00a0 \u00a0 \u00a0 \u00a0 \u00a0 \u00a0 \u00a0 \u00a0 \u00a0 \u00a0 \u00a0 \u00a0 \u00a0 \u00a0 \u00a0 \u00a0 53639 K\u00f6nigswinter<br \/>\nTel. +49 (0) 2244 \/ 901 996<br \/>\nFax +49 (0) 2244 \/ 902 731<\/p>\n<p>Falls wir f\u00fcr einzelne Funktionen unseres Angebots auf beauftragte Dienstleister zur\u00fcckgreifen oder Ihre Daten f\u00fcr werbliche Zwecke nutzen m\u00f6chten, werden wir Sie untenstehend im Detail \u00fcber die jeweiligen Vorg\u00e4nge informieren. Dabei nennen wir auch die festgelegten Kriterien der Speicherdauer.<\/p>\n<p>Sofern Ihre Anfrage eine \u00dcbermittlung personenbezogener Daten an bestimmte Empf\u00e4nger erforderlich macht, werden die Daten auch an Dritte weitergegeben. Dies erfolgt stets im Rahmen der gesetzlichen Bestimmungen.<\/p>\n<p>&nbsp;<\/p>\n<p>&nbsp;<\/p>\n<ol start=\"2\">\n<li><strong>Ihre Rechte<\/strong><\/li>\n<\/ol>\n<p>&nbsp;<\/p>\n<p>Sie haben gegen\u00fcber uns folgende Rechte hinsichtlich der Sie betreffenden personenbezogenen Daten:<\/p>\n<ul>\n<li>Recht auf Auskunft<\/li>\n<li>Recht auf Berichtigung oder L\u00f6schung<\/li>\n<li>Recht auf Einschr\u00e4nkung der Verarbeitung<\/li>\n<li>Recht auf Widerspruch gegen die Verarbeitung<\/li>\n<li>Recht auf Daten\u00fcbertragbarkeit<\/li>\n<\/ul>\n<p>&nbsp;<\/p>\n<p>Sie haben zudem das Recht, sich bei einer Datenschutz-Aufsichtsbeh\u00f6rde \u00fcber die Verarbeitung Ihrer personenbezogenen Daten durch uns zu beschweren.<\/p>\n<ol start=\"3\">\n<li><strong>Erhebung personenbezogener Daten bei Besuch unserer Website<\/strong><\/li>\n<\/ol>\n<p>&nbsp;<\/p>\n<p>Bei der blo\u00df informatorischen Nutzung der Website, also, wenn Sie sich nicht registrieren oder uns anderweitig Informationen \u00fcbermitteln, erheben wir bereits die folgenden personenbezogenen Daten, die Ihr Browser an unseren Server \u00fcbermittelt.<\/p>\n<ul>\n<li>IP-Adresse<\/li>\n<li>Datum und Uhrzeit der Anfrage<\/li>\n<li>Zeitzonendifferenz zur Greenwich Mean Time (GMT)<\/li>\n<li>Inhalt der Anforderung (konkrete Seite)<\/li>\n<li>Zugriffsstatus\/HTTP-Statuscode<\/li>\n<li>jeweils \u00fcbertragene Datenmenge<\/li>\n<li>Website, von der die Anforderung kommt<\/li>\n<li>Browser<\/li>\n<li>Betriebssystem und dessen Oberfl\u00e4che<\/li>\n<li>Sprache und Version der Browsersoftware<\/li>\n<\/ul>\n<p>Grundlage f\u00fcr die Datenverarbeitung ist Art. 6 Abs. 1 lit. f DS-GVO, der die Verarbeitung von technisch erforderlichen Daten, die einen stabilen und sicheren Betrieb der Webseite gew\u00e4hrleisten, gestattet.<\/p>\n<p>Zus\u00e4tzlich zu den zuvor genannten Daten werden bei Ihrer Nutzung unserer Website Cookies auf Ihrem Rechner gespeichert. Bei Cookies handelt es sich um kleine Textdateien, die auf Ihrer Festplatte dem von Ihnen verwendeten Browser zugeordnet gespeichert werden und durch welche der Stelle, die das Cookie setzt (hier durch uns), bestimmte Informationen zuflie\u00dfen. Cookies k\u00f6nnen keine Programme ausf\u00fchren oder Viren auf Ihren Computer \u00fcbertragen. Sie dienen dazu, das Internetangebot insgesamt nutzerfreundlicher und effektiver zu machen.<\/p>\n<p>&nbsp;<\/p>\n<p>&nbsp;<\/p>\n<p>Einsatz von Cookies:<\/p>\n<p>Diese Website nutzt folgende Arten von Cookies, deren Umfang und Funktionsweise im Folgenden erl\u00e4utert werden:<\/p>\n<ul>\n<li>Transiente bzw. Persistente Cookies<\/li>\n<\/ul>\n<ul>\n<li>Transiente Cookies werden automatisiert gel\u00f6scht, wenn Sie den Browser schlie\u00dfen. Dazu z\u00e4hlen insbesondere die Session-Cookies. Diese speichern eine sogenannte Session-ID, mit welcher sich verschiedene Anfragen Ihres Browsers der gemeinsamen Sitzung zuordnen lassen. Dadurch kann Ihr Rechner wiedererkannt werden, wenn Sie auf unsere Website zur\u00fcckkehren. Die Session-Cookies werden gel\u00f6scht, wenn Sie sich ausloggen oder den Browser schlie\u00dfen.<\/li>\n<li>Persistent Cookies werden automatisiert nach einer vorgegebenen Dauer gel\u00f6scht, die sich je nach Cookie unterscheiden kann. Sie k\u00f6nnen die Cookies in den Sicherheitseinstellungen Ihres Browsers jederzeit l\u00f6schen.<\/li>\n<li>Sie k\u00f6nnen Ihre Browser-Einstellung entsprechend Ihren W\u00fcnschen konfigurieren und z.B. die Annahme von Third-Party-Cookies oder allen Cookies ablehnen. Wir weisen Sie darauf hin, dass Sie eventuell nicht alle Funktionen dieser Website nutzen k\u00f6nnen.<\/li>\n<\/ul>\n<p>Grundlage f\u00fcr die Datenverarbeitung ist auch hier Art. 6 Abs. 1 lit. f DS-GVO (z.B. zum fehlerfreien Betrieb der Webseite). Soweit andere Cookies (z.B. Cookies zur Analyse Ihres Surfverhaltens) gespeichert werden, werden diese Cookies in unserer Datenschutzerkl\u00e4rung gesondert behandelt.<\/p>\n<p>&nbsp;<\/p>\n<ol start=\"4\">\n<li><strong>Weitere Funktionen und Angebote unserer Website<\/strong><\/li>\n<\/ol>\n<p>&nbsp;<\/p>\n<p>Neben der rein informatorischen Nutzung unserer Website bieten wir verschiedene Leistungen an, die Sie bei Interesse nutzen k\u00f6nnen. Dazu m\u00fcssen Sie in der Regel weitere personenbezogene Daten angeben, die wir zur Erbringung der jeweiligen Leistung nutzen und f\u00fcr die die zuvor genannten Grunds\u00e4tze zur Datenverarbeitung gelten.<\/p>\n<p>Teilweise bedienen wir uns zur Verarbeitung Ihrer Daten externer Dienstleister. Diese wurden von uns sorgf\u00e4ltig ausgew\u00e4hlt und beauftragt, sind an unsere Weisungen gebunden und werden regelm\u00e4\u00dfig kontrolliert.<\/p>\n<p>Weiterhin k\u00f6nnen wir Ihre personenbezogenen Daten an Dritte weitergeben, wenn Aktionsteilnahmen, Gewinnspiele, Vertragsabschl\u00fcsse oder \u00e4hnliche Leistungen von uns gemeinsam mit Partnern angeboten werden. N\u00e4here Informationen hierzu erhalten Sie bei Angabe Ihrer personenbezogenen Daten oder untenstehend in der Beschreibung des Angebotes.<\/p>\n<p>Soweit unsere Dienstleister oder Partner ihren Sitz in einem Staat au\u00dferhalb des Europ\u00e4ischen Wirtschaftsraumen (EWR) haben, informieren wir Sie \u00fcber die Folgen dieses Umstands in der Beschreibung des Angebotes.<\/p>\n<ol start=\"5\">\n<li><strong>Widerspruch oder Widerruf gegen die Verarbeitung Ihrer Daten<\/strong><\/li>\n<\/ol>\n<p>&nbsp;<\/p>\n<p>Falls Sie eine Einwilligung zur Verarbeitung Ihrer Daten erteilt haben, k\u00f6nnen Sie diese jederzeit widerrufen. Ein solcher Widerruf beeinflusst die Zul\u00e4ssigkeit der Verarbeitung Ihrer personenbezogenen Daten, nachdem Sie ihn gegen\u00fcber uns ausgesprochen haben.<\/p>\n<p>Soweit wir die Verarbeitung Ihrer personenbezogenen Daten auf die Interessenabw\u00e4gung st\u00fctzen, k\u00f6nnen Sie Widerspruch gegen die Verarbeitung einlegen. Dies ist der Fall, wenn die Verarbeitung insbesondere nicht zur Erf\u00fcllung eines Vertrags mit Ihnen erforderlich ist, was von uns jeweils bei der nachfolgenden Beschreibung der Funktionen dargestellt wird. Bei Aus\u00fcbung eines solchen Widerspruchs bitten wir um Darlegung der Gr\u00fcnde, weshalb wir Ihre personenbezogenen Daten nicht wie von uns durchgef\u00fchrt verarbeiten sollten. Im Falle Ihres begr\u00fcndeten Widerspruchs pr\u00fcfen wir die Sachlage und werden entweder die Datenverarbeitung einstellen bzw. anpassen oder Ihnen unsere zwingenden schutzw\u00fcrdigen Gr\u00fcnde aufzeigen, aufgrund derer wir die Verarbeitung fortf\u00fchren.<\/p>\n<p>Selbstverst\u00e4ndlich k\u00f6nnen Sie der Verarbeitung Ihrer personenbezogenen Daten f\u00fcr Zwecke der Werbung und Datenanalyse jederzeit widersprechen. \u00dcber Ihren Werbewiderspruch k\u00f6nnen Sie uns unter folgenden Kontaktdaten informieren: \u00dcber E-Mail an\u00a0<strong>info@gla.mbm-msp.de<\/strong>\u00a0oder per Post an GLA Gefahrgutberatung GmbH, Berghausener Str. 187, 53639 K\u00f6nigswinter.<\/p>\n","protected":false},"excerpt":{"rendered":"<p>Datenschutzerkl\u00e4rung Die GLA Gefahrgutberatung GmbH freut sich sehr \u00fcber Ihren Besuch auf der Webseite und Ihr Interesse an den Produkten und Dienstleistungen. Datenschutz und Datensicherheit f\u00fcr unsere Kunden und Nutzer haben im Konzern seit jeher eine hohe Bedeutung. Der Schutz Ihrer personenbezogenen Daten ist daher sehr wichtig und f\u00fcr uns ein besonderes Anliegen. Datenschutzerkl\u00e4rung &nbsp; &hellip; <a href=\"https:\/\/gla.mbm-msp.de\/?page_id=104\" class=\"more-link\"><span class=\"screen-reader-text\">Datenschutzerkl\u00e4rung<\/span> weiterlesen <span class=\"meta-nav\">&rarr;<\/span><\/a><\/p>\n","protected":false},"author":1,"featured_media":0,"parent":0,"menu_order":0,"comment_status":"closed","ping_status":"closed","template":"","meta":{"footnotes":""},"class_list":["post-104","page","type-page","status-publish","hentry"],"_links":{"self":[{"href":"https:\/\/gla.mbm-msp.de\/index.php?rest_route=\/wp\/v2\/pages\/104"}],"collection":[{"href":"https:\/\/gla.mbm-msp.de\/index.php?rest_route=\/wp\/v2\/pages"}],"about":[{"href":"https:\/\/gla.mbm-msp.de\/index.php?rest_route=\/wp\/v2\/types\/page"}],"author":[{"embeddable":true,"href":"https:\/\/gla.mbm-msp.de\/index.php?rest_route=\/wp\/v2\/users\/1"}],"replies":[{"embeddable":true,"href":"https:\/\/gla.mbm-msp.de\/index.php?rest_route=%2Fwp%2Fv2%2Fcomments&post=104"}],"version-history":[{"count":4,"href":"https:\/\/gla.mbm-msp.de\/index.php?rest_route=\/wp\/v2\/pages\/104\/revisions"}],"predecessor-version":[{"id":125,"href":"https:\/\/gla.mbm-msp.de\/index.php?rest_route=\/wp\/v2\/pages\/104\/revisions\/125"}],"wp:attachment":[{"href":"https:\/\/gla.mbm-msp.de\/index.php?rest_route=%2Fwp%2Fv2%2Fmedia&parent=104"}],"curies":[{"name":"wp","href":"https:\/\/api.w.org\/{rel}","templated":true}]}}